{"id":4205,"date":"2022-09-27T11:08:52","date_gmt":"2022-09-27T11:08:52","guid":{"rendered":"https:\/\/kutia.net\/?page_id=4205"},"modified":"2024-02-06T14:31:28","modified_gmt":"2024-02-06T14:31:28","slug":"kundenspezifische-softwareentwicklung-und-design","status":"publish","type":"page","link":"https:\/\/kutia.net\/de\/","title":{"rendered":"Kundenspezifische Softwareentwicklung und Design"},"content":{"rendered":"","protected":false},"excerpt":{"rendered":"","protected":false},"author":1,"featured_media":0,"parent":0,"menu_order":0,"comment_status":"closed","ping_status":"closed","template":"views\/home-2.blade.php","meta":[],"yoast_head":"<!-- This site is optimized with the Yoast SEO Premium plugin v16.4 (Yoast SEO v16.5) - https:\/\/yoast.com\/wordpress\/plugins\/seo\/ -->\n<title>Kundenspezifische Softwareentwicklung und Design - Kutia<\/title>\n<meta name=\"robots\" content=\"index, follow, max-snippet:-1, max-image-preview:large, max-video-preview:-1\" \/>\n<link rel=\"canonical\" href=\"https:\/\/kutia.net\/de\/\" \/>\n<meta property=\"og:locale\" content=\"de_DE\" \/>\n<meta property=\"og:type\" content=\"article\" \/>\n<meta property=\"og:title\" content=\"Kundenspezifische Softwareentwicklung und Design - Kutia\" \/>\n<meta property=\"og:url\" content=\"https:\/\/kutia.net\/de\/\" \/>\n<meta property=\"og:site_name\" content=\"Kutia\" \/>\n<meta property=\"article:modified_time\" content=\"2024-02-06T14:31:28+00:00\" \/>\n<meta name=\"twitter:card\" content=\"summary_large_image\" \/>\n<script type=\"application\/ld+json\" class=\"yoast-schema-graph\">{\"@context\":\"https:\/\/schema.org\",\"@graph\":[{\"@type\":\"WebSite\",\"@id\":\"https:\/\/kutia.net\/#website\",\"url\":\"https:\/\/kutia.net\/\",\"name\":\"Kutia\",\"description\":\"Custom software, team augmentation, IT recruitment\",\"potentialAction\":[{\"@type\":\"SearchAction\",\"target\":\"https:\/\/kutia.net\/?s={search_term_string}\",\"query-input\":\"required name=search_term_string\"}],\"inLanguage\":\"de-DE\"},{\"@type\":\"WebPage\",\"@id\":\"https:\/\/kutia.net\/de\/#webpage\",\"url\":\"https:\/\/kutia.net\/de\/\",\"name\":\"Kundenspezifische Softwareentwicklung und Design - Kutia\",\"isPartOf\":{\"@id\":\"https:\/\/kutia.net\/#website\"},\"datePublished\":\"2022-09-27T11:08:52+00:00\",\"dateModified\":\"2024-02-06T14:31:28+00:00\",\"breadcrumb\":{\"@id\":\"https:\/\/kutia.net\/de\/#breadcrumb\"},\"inLanguage\":\"de-DE\",\"potentialAction\":[{\"@type\":\"ReadAction\",\"target\":[\"https:\/\/kutia.net\/de\/\"]}]},{\"@type\":\"BreadcrumbList\",\"@id\":\"https:\/\/kutia.net\/de\/#breadcrumb\",\"itemListElement\":[{\"@type\":\"ListItem\",\"position\":1,\"name\":\"Kundenspezifische Softwareentwicklung und Design\"}]}]}<\/script>\n<!-- \/ Yoast SEO Premium plugin. -->","acf":{"banner_video_desktop":{"video_file":false,"video_poster":false},"banner_video_mobile":{"video_file":false,"video_poster":false},"banner_button_text":"Kontakt","banner_button_url":"\/estimate-your-project\/","words_to_highlight":"Custom|and","client_logos":[{"client_logo":4221},{"client_logo":4223},{"client_logo":4224},{"client_logo":4225},{"client_logo":6412},{"client_logo":6381}],"dynamic_content":[{"acf_fc_layout":"what_we_do","section_content":"<h2><strong>Was<\/strong> wir anbieten.<\/h2>\n<p><span style=\"font-weight: 400;\">Wir bieten innovative, agile und wettbewerbsf\u00e4hige Dienstleistungen f\u00fcr kundenspezifische Softwareentwicklung und Design <\/span><\/p>\n","services":[{"service_title":"E-Commerce","service_content":"Wir entwickeln E-Commerce- L\u00f6sungen, die eine einfache Navigation, einen nahtlosen Checkout, hohe Geschwindigkeit und einen inspirierenden Design f\u00fcr UI\/UX bieten.","service_url":"https:\/\/kutia.net\/our-services\/web-development\/"},{"service_title":"Handy-Entwicklung","service_content":"Wir bieten ma\u00dfgeschneiderte mobile App-Entwicklungsdienste mit iOS- und Android-Systemen mit nur einer App unter Verwendung moderner Hybride, die in React Native entwickelt wurden.","service_url":"https:\/\/kutia.net\/our-services\/mobile-development\/"},{"service_title":"UI \/ UX Design","service_content":"Wir liefern UI\/UX- Design f\u00fcr Web- und Mobile-App-Entwicklungsl\u00f6sungen.","service_url":"https:\/\/kutia.net\/services\/e-commerce\/"},{"service_title":"Web Entwicklun","service_content":"Wir liefern funktionale und visuell ansprechende Webprodukte und sowohl plattformbasierte als auch kundenspezifische Webl\u00f6sungen.","service_url":"https:\/\/kutia.net\/services\/ui-ux-design\/"},{"service_title":"","service_content":"","service_url":""}]},{"acf_fc_layout":"help_you_with","section_content":"","section_boxes":[{"box_text":""},{"box_text":""},{"box_text":""}]},{"acf_fc_layout":"cases","section_title":"","section_case":false,"show_read_all_button":false},{"acf_fc_layout":"testimonials","section_title":"<h2>Von unseren <strong>Kunden<\/strong><\/h2>\n","select_reviews":[{"ID":5582,"post_author":"1","post_date":"2021-05-03 15:53:12","post_date_gmt":"2021-05-03 15:53:12","post_content":"<!-- wp:paragraph -->\n<p>Die Zusammenarbeit mit dem Kutia-Team ist ein Vergn\u00fcgen. Sie sind kommunikativ, reaktionsschnell und kompetent und haben sich zu einem wichtigen Partner bei der Umsetzung unserer Projekte entwickelt.<\/p>\n<!-- \/wp:paragraph -->","post_title":"Nils Magnus Englund","post_excerpt":"","post_status":"publish","comment_status":"closed","ping_status":"closed","post_password":"","post_name":"nils-magnus-englund-2","to_ping":"","pinged":"","post_modified":"2024-02-06 14:19:59","post_modified_gmt":"2024-02-06 14:19:59","post_content_filtered":"","post_parent":0,"guid":"https:\/\/kutia.net\/testimonials\/nils-magnus-englund-2\/","menu_order":0,"post_type":"testimonials","post_mime_type":"","comment_count":"0","filter":"raw"},{"ID":5585,"post_author":"1","post_date":"2021-06-14 14:06:37","post_date_gmt":"2021-06-14 14:06:37","post_content":"<!-- wp:paragraph -->\n<p>Wir sind seit einigen Jahren Partner des Kutia-Teams und die Zusammenarbeit war immer ausgezeichnet. Sie sind sehr kooperativ, aufgeschlossen und hilfsbereit. Wir sch\u00e4tzen ihr Engagement bei jedem Projekt, an dem wir gemeinsam arbeiten, sehr. Wir haben viele schwierige Projekte dank der kompetenten Entwickler und des Managementteams realisiert.<\/p>\n<!-- \/wp:paragraph -->","post_title":"Alina Fedko","post_excerpt":"","post_status":"publish","comment_status":"closed","ping_status":"closed","post_password":"","post_name":"alina-fedko","to_ping":"","pinged":"","post_modified":"2024-02-06 14:21:06","post_modified_gmt":"2024-02-06 14:21:06","post_content_filtered":"","post_parent":0,"guid":"https:\/\/kutia.net\/testimonials\/alina-fedko\/","menu_order":0,"post_type":"testimonials","post_mime_type":"","comment_count":"0","filter":"raw"},{"ID":5588,"post_author":"1","post_date":"2021-06-15 08:19:25","post_date_gmt":"2021-06-15 08:19:25","post_content":"<!-- wp:paragraph -->\n<p>Kutia war in den letzten 6 Jahren ein wichtiger Entwicklungspartner f\u00fcr Hubster. Das Team ist eng in Hubster integriert und ist nicht nur gro\u00dfartige Entwickler, sondern auch wirklich nette Leute \ud83d\ude42 .<\/p>\n<!-- \/wp:paragraph -->","post_title":"Per Christian Bj\u00f8rhusdal","post_excerpt":"","post_status":"publish","comment_status":"closed","ping_status":"closed","post_password":"","post_name":"per-christian-bjorhusdal","to_ping":"","pinged":"","post_modified":"2024-02-06 14:21:40","post_modified_gmt":"2024-02-06 14:21:40","post_content_filtered":"","post_parent":0,"guid":"https:\/\/kutia.net\/testimonials\/per-christian-bjorhusdal\/","menu_order":0,"post_type":"testimonials","post_mime_type":"","comment_count":"0","filter":"raw"},{"ID":5591,"post_author":"1","post_date":"2021-06-15 10:35:02","post_date_gmt":"2021-06-15 10:35:02","post_content":"<!-- wp:paragraph -->\n<p>Die Zusammenarbeit mit dem Kutia-Team war eine der besten Erfahrungen. Das Ergebnis ist eine innovative interaktive Plattform f\u00fcr Journalisten, die mit der sich schnell ver\u00e4ndernden Welt der Technologie Schritt halten wollen.<\/p>\n<!-- \/wp:paragraph -->","post_title":"Sofija Todorovic","post_excerpt":"","post_status":"publish","comment_status":"closed","ping_status":"closed","post_password":"","post_name":"sofija-todorovic-2","to_ping":"","pinged":"","post_modified":"2024-02-06 14:22:21","post_modified_gmt":"2024-02-06 14:22:21","post_content_filtered":"","post_parent":0,"guid":"https:\/\/kutia.net\/testimonials\/sofija-todorovic-2\/","menu_order":0,"post_type":"testimonials","post_mime_type":"","comment_count":"0","filter":"raw"}]},{"acf_fc_layout":"dedicated_team","top_section":{"section_title":"<h2>Engagiertes <strong>Team<\/strong><\/h2>\n","section_text":"<p>Dieses Modell eignet sich perfekt f\u00fcr Unternehmen, die ihre Entwicklungsressourcen schnell aufstocken oder ihre internen Entwicklungsteams mit seltenen oder hochspezialisierten Talenten verst\u00e4rken wollen.<\/p>\n","button_label":"Erstellen Sie Ihr Projekt","button_url":"\/build-your-project\/"},"bottom_section":{"section_title":"<h2><strong>Software Entwicklung<\/strong><\/h2>\n","section_text":"<p>Wenn Sie Ihr Projekt mit uns starten, erhalten Sie ein engagiertes und qualifiziertes Team, das Ihnen rund um die Uhr zur Seite steht. Alle unsere Prozesse sind kundenorientiert und darauf ausgelegt, die Kosten f\u00fcr den Gesch\u00e4ftsbetrieb zu senken, Herausforderungen im Bereich der IT-Ressourcen zu bew\u00e4ltigen und Ihnen einen Wettbewerbsvorteil zu verschaffen. Wir beginnen mit einer gr\u00fcndlichen Analyse Ihrer Anforderungen und setzen unsere Beziehung mit Support und Updates nach der Einf\u00fchrung fort.<\/p>\n","button_label":"Bauen Sie Ihr Team auf.","button_url":"https:\/\/kutia.net\/dedicated-teams\/"},"dedicated_teams_image":4219,"dedicated_teams_image_mobile":4227},{"acf_fc_layout":"help_you_with","section_content":"<h2><em>Wie k\u00f6nnen wir<br \/>\n<strong>Ihnen helfen?<\/strong><\/em><\/h2>\n<p>Wir sind hier, um Ihr Unternehmen durch die Bereitstellung hochwertiger und qualitativ hochwertiger Softwarel\u00f6sungen zu f\u00f6rdern.<\/p>\n","section_boxes":[{"box_text":"<h4>Mangel an qualifizierten Talenten<\/h4>\n<p>Wir haben die Experten.<\/p>\n"},{"box_text":"<h4>Kulturelle Unterschiede<\/h4>\n<p>Wir kommen uns durch Verst\u00e4ndnis n\u00e4her.<\/p>\n"},{"box_text":"<h4>Verlangsamung des Einstellungsprozesses Prozess<\/h4>\n<p>Schnell und intelligent &#8211; so rekrutieren wir.<\/p>\n"},{"box_text":"<h4>Mangel an Flexibilit\u00e4t<\/h4>\n<p>Unsere Uhr bleibt erst stehen, wenn der Auftrag abgeschlossen ist.<\/p>\n"},{"box_text":"<h4>Ineffizientes Projektmanagement<\/h4>\n<p>Wir liefern ohne Verz\u00f6gerung.<\/p>\n"},{"box_text":"<h4>Bedenken bez\u00fcglich der Cybersicherheit<\/h4>\n<p>Wir sind Ihre Sicherheitsfestung.<\/p>\n"}]},{"acf_fc_layout":"blog","section_title":"<h2>Was gibt es Neues? <strong>Unser Blog und Neuigkeiten<\/strong><\/h2>\n","select_blog":false,"select_category":false,"show_read_all_button":false},{"acf_fc_layout":"cta","section_subtitle":"Kontaktieren Sie uns.","section_title":"<h2>Lassen Sie uns beginnen, <strong>Verbindungen aufzubauen.<\/strong><\/h2>\n","cta_button_1":{"button_label":"Bauen Sie Ihr Team auf.","button_url":"\/build-your-team\/"},"cta_button_2":{"button_label":"Bauen Sie Ihr Projekt auf.","button_url":""}}]},"_links":{"self":[{"href":"https:\/\/kutia.net\/de\/wp-json\/wp\/v2\/pages\/4205"}],"collection":[{"href":"https:\/\/kutia.net\/de\/wp-json\/wp\/v2\/pages"}],"about":[{"href":"https:\/\/kutia.net\/de\/wp-json\/wp\/v2\/types\/page"}],"author":[{"embeddable":true,"href":"https:\/\/kutia.net\/de\/wp-json\/wp\/v2\/users\/1"}],"replies":[{"embeddable":true,"href":"https:\/\/kutia.net\/de\/wp-json\/wp\/v2\/comments?post=4205"}],"version-history":[{"count":15,"href":"https:\/\/kutia.net\/de\/wp-json\/wp\/v2\/pages\/4205\/revisions"}],"predecessor-version":[{"id":5602,"href":"https:\/\/kutia.net\/de\/wp-json\/wp\/v2\/pages\/4205\/revisions\/5602"}],"wp:attachment":[{"href":"https:\/\/kutia.net\/de\/wp-json\/wp\/v2\/media?parent=4205"}],"curies":[{"name":"wp","href":"https:\/\/api.w.org\/{rel}","templated":true}]}}